{"id":352,"date":"2019-03-05T16:17:06","date_gmt":"2019-03-05T16:17:06","guid":{"rendered":"http:\/\/se4i.dhitech.it\/?page_id=352"},"modified":"2024-10-08T09:09:27","modified_gmt":"2024-10-08T09:09:27","slug":"obiettivi-realizzativi","status":"publish","type":"page","link":"https:\/\/se4i.dhitech.it\/?page_id=352","title":{"rendered":"Obiettivi Realizzativi"},"content":{"rendered":"<!-- wp:themify-builder\/canvas \/-->","protected":false},"excerpt":{"rendered":"","protected":false},"author":1,"featured_media":0,"parent":0,"menu_order":0,"comment_status":"closed","ping_status":"closed","template":"","meta":{"footnotes":""},"class_list":["post-352","page","type-page","status-publish","hentry","has-post-title","has-post-date","has-post-category","has-post-tag","has-post-comment","has-post-author",""],"builder_content":"<p>Il Progetto SE4I si articola in 7 OR (Obiettivi Realizzativi).<\/p> <p>Clicca sullo specifico OR per conoscerne i dettagli:<\/p>\n<ul><li><h4>OR1 - Asset & Platform<\/h4><p><strong>Soggetti coinvolti:<\/strong> Enel Italia Srl, Soft Strategy Spa <\/p> <p><strong>Obiettivi e Attivit\u00e0:<\/strong> L\u2019obiettivo dell\u2019OR1 \u00e8 la creazione di un \u201casset intelligente\u201d che offra servizi per tutti gli attori che ruotano attorno ad un presidio industriale intelligente \u201cSmart Industry City\u201d. Una porzione dell'area esterna dell\u2019ASI di Brindisi sar\u00e0 dotata di un numero congruo di \u201casset intelligenti\u201d, non solo come sistema di illuminazione evoluto, ma una vera e propria piattaforma per l\u2019erogazione di servizi informativi e di connettivit\u00e0.<br \/>L'OR1 si articoler\u00e0 nelle seguenti attivit\u00e0:<\/p> <ul> <li>A1.1 \u2013 Studio per la progettazione di un asset intelligente;<\/li> <li>A1.2 \u2013 Progettazione Monitoraggio ambientale integrato nell'asset;<\/li> <li>A1.3 \u2013 Progettazione Integrazione della connettivit\u00e0 nell'asset;<\/li> <li>A1.4 \u2013 Progettazione Integrazione delle colonnine di ricarica;<\/li> <li>A1.5 \u2013 Progettazione telecontrollo e auto aggiustamento dell'asset;<\/li> <li>A1.6 \u2013 Realizzazione Prototipo Assett Intelligente;<\/li> <li>A1.7 \u2013 Installazione e Sperimentazione in sito<\/li> <\/ul><\/li><\/ul>\n<ul><li><h4>OR2 - Sicurezza e Controllo Area<\/h4><p><strong>Soggetti coinvolti:<\/strong> Soft Strategy Spa, Universit\u00e0 degli Studi di NAPOLI \"Parthenope\"<\/p> <p><strong>Obiettivi e Attivit\u00e0:<\/strong> L\u2019attivit\u00e0 di ricerca industriale mira a fare il punto della situazione sullo stato dell\u2019arte in letteratura con uno sguardo mirato alle soluzioni fattibili ed utili alla costruzione del sistema prototipale. L'attivit\u00e0 metter\u00e0 in luce le reali potenzialit\u00e0 e limitazioni delle soluzioni all'avanguardia e applicabili per il sistema proposto. Una particolare attenzione sar\u00e0 rivolta agli strumenti software e hardware che si ritengono abilitanti per il funzionamento del sistema. Le attivit\u00e0 di studio prevalenti e necessarie per comprendere il contesto di applicazione e la fattibilit\u00e0 di utilizzo sono riassumibili come segue:<\/p> <ul> <li>A2.1 - Studio delle tecnologie di learning su flussi video;<\/li> <li>A2.2 - Riconoscimento di soggetti e targhe di veicoli;<\/li> <li>A2.3 - Situational awareness a supporto alle decisioni;<\/li> <li>A2.4 Sviluppo di un sistema prototipo di videosorveglianza intelligente<\/li> <\/ul><\/li><\/ul>\n<ul><li><h4>OR3 - Soluzioni logistiche innovative<\/h4><p><strong>Soggetti coinvolti:<\/strong> Soft Strategy Spa, Universit\u00e0 degli Studi di NAPOLI \"Parthenope\"<\/p> <p><strong>Obiettivi e Attivit\u00e0:<\/strong> Nell\u2019ambito dell\u2019OR3 saranno condotte le seguenti attivit\u00e0:<\/p> <ul> <li>A3.1 - Studio sulle tecnologie di positioning e tracking disponibili sul mercato;<\/li> <li>A3.2 - Studio di algoritmi di tipo mesh che avvalendosi delle caratteristiche dei dispositivi IoT consentano di realizzare nuovi scenari applicativi per le tecnologie di tracking e positioning;<\/li> <li>A3.3 - Studio e applicazione di modelli di geofencing;<\/li> <li>A3.4 - Progettazione e realizzazione sistema dimostrativo di asset tracking<\/li> <\/ul><\/li><\/ul>\n<ul><li><h4>OR4 - Energy Efficiency<\/h4><p><strong>Soggetti coinvolti:<\/strong> Enel Italia Srl, Politecnico di BARI (DHITECH), Consiglio Nazionale delle Ricerche (DHITECH), Fondazione Istituto Italiano di Tecnologia.<\/p> <p><strong>Obiettivi e Attivit\u00e0:<\/strong> Nell'ambito dell'OR4 saranno condotte le seguenti attivit\u00e0:<\/p> <ul> <li>A4.1 - Realizzazione di dispositivi ECOLED: <ul> <li>A4.1.1 \u2013 Realizzazione di dispositivi elettrocromici;<\/li> <li>A4.1.2 \u2013 Realizzazione di dispositivi trasparenti TOLED;<\/li> <li>A4.1.3 \u2013 Integrazione monolitica e prototipazione di ECOLED;<\/li> <li>A4.1.4 \u2013 MODULI A DOPPIO VETRO con TECNOLOGIA PLASMOCROMICA;<\/li> <\/ul> <\/li> <li>A4.2 - Sviluppo modelli predittivi e validazione tecnologie <ul> <li>A4.2.1 - Sviluppo di modelli predittivi e di gestione intelligente dell\u2019energia basati su dati provenienti dalla rete di sensori di cui all\u2019OR1;<\/li> <li>Attivit\u00e0 4.2.2: Realizzazione di un ambiente in scala per il test e la validazione delle tecnologie prodotte nell'ambito del progetto<\/li> <\/ul> <\/li> <\/ul><\/li><\/ul>\n<ul><li><h4>OR5 - Energy Harvesting<\/h4><p><strong>Soggetti coinvolti:<\/strong> Fondazione Istituto Italiano di Tecnologia.<\/p> <p><strong>Obiettivi e Attivit\u00e0:<\/strong> Nell'ambito dell'OR5 saranno condotte le seguenti attivit\u00e0:<\/p> <ul> <li>A5.1 - Progettazione trasduttori piezoelettrici;<\/li> <li>A5.2 - Fabbricazione di trasduttori piezoelettrici;<\/li> <li>A5.3 - Caratterizzazione dei dispositivi;<\/li> <li>A5.4 - Progettazione Elettronica di accumulo<\/li> <li>A5.5 \u2013 Test finali e di affidabilit\u00e0 del nodo IoT<\/li> <\/ul><\/li><\/ul>\n<ul><li><h4>OR6 - Connettivit\u00e0<\/h4><p><strong>Soggetti coinvolti:<\/strong> Enel Italia Srl.<\/p> <p><strong>Obiettivi e Attivit\u00e0:<\/strong> Al fine di potenziare e ottimizzare la connettivit\u00e0 anche in siti spesso non coperti adeguatamente da segnale radio mobile e in cui l\u2019implementazione di reti WiFi dedicate impatterebbero fortemente sui costi implementativi e di manutenzione, nasce la sfida di trovare soluzioni che garantiscono bolle di connettivit\u00e0 affidabili, sicure e performanti. MulteFire \u00e8 una tecnologia LTE che pu\u00f2 essere introdotta a s\u00e9 stante senza licenza usando le stesse bande di frequeza Wi-Fi. MulteFire abilita nuovi casi d\u2019uso e permette a chiunque di implementare ed operare la propria rete. Nell'ambito dell'OR6 saranno condotte le seguenti attivit\u00e0:<\/p> <ul> <li>A6.1 - Assessment e design realizzazione Bolla di Connettivit\u00e0;<\/li> <li>A6.2 - Sviluppo servizi innovativi su bolla di connettivit\u00e0;<\/li> <li>A6.3 - Installazione, test e valutazione della soluzione di bolla di connettivit\u00e0 Multefire<\/li> <\/ul><\/li><\/ul>\n<ul><li><h4>OR7 - Valorizzazione e divulgazione<\/h4><p><strong>Soggetti coinvolti:<\/strong> DHITECH Scarl.<\/p> <p><strong>Obiettivi e Attivit\u00e0:<\/strong> Nell'ambito dell'OR7 saranno condotte le seguenti attivit\u00e0:<\/p> <ul> <li>A7.1 - Gestione della propriet\u00e0 intellettuale;<\/li> <li>A7.2 - Divulgazione dei risultati della ricerca.<\/li> <\/ul><\/li><\/ul>","_links":{"self":[{"href":"https:\/\/se4i.dhitech.it\/index.php?rest_route=\/wp\/v2\/pages\/352"}],"collection":[{"href":"https:\/\/se4i.dhitech.it\/index.php?rest_route=\/wp\/v2\/pages"}],"about":[{"href":"https:\/\/se4i.dhitech.it\/index.php?rest_route=\/wp\/v2\/types\/page"}],"author":[{"embeddable":true,"href":"https:\/\/se4i.dhitech.it\/index.php?rest_route=\/wp\/v2\/users\/1"}],"replies":[{"embeddable":true,"href":"https:\/\/se4i.dhitech.it\/index.php?rest_route=%2Fwp%2Fv2%2Fcomments&post=352"}],"version-history":[{"count":40,"href":"https:\/\/se4i.dhitech.it\/index.php?rest_route=\/wp\/v2\/pages\/352\/revisions"}],"predecessor-version":[{"id":724,"href":"https:\/\/se4i.dhitech.it\/index.php?rest_route=\/wp\/v2\/pages\/352\/revisions\/724"}],"wp:attachment":[{"href":"https:\/\/se4i.dhitech.it\/index.php?rest_route=%2Fwp%2Fv2%2Fmedia&parent=352"}],"curies":[{"name":"wp","href":"https:\/\/api.w.org\/{rel}","templated":true}]}}