{"id":304,"date":"2019-02-14T11:36:16","date_gmt":"2019-02-14T11:36:16","guid":{"rendered":"http:\/\/se4i.dhitech.it\/?page_id=304"},"modified":"2024-10-08T09:13:14","modified_gmt":"2024-10-08T09:13:14","slug":"risultati","status":"publish","type":"page","link":"https:\/\/se4i.dhitech.it\/?page_id=304","title":{"rendered":"Risultati"},"content":{"rendered":"<!-- wp:themify-builder\/canvas \/-->","protected":false},"excerpt":{"rendered":"","protected":false},"author":1,"featured_media":0,"parent":0,"menu_order":0,"comment_status":"closed","ping_status":"closed","template":"","meta":{"footnotes":""},"class_list":["post-304","page","type-page","status-publish","hentry","has-post-title","has-post-date","has-post-category","has-post-tag","has-post-comment","has-post-author",""],"builder_content":"<h3><strong>Realizzazione prototipi OLEDs<\/strong><\/h3> <p><img src=\"http:\/\/se4i.dhitech.it\/wp-content\/uploads\/2023\/01\/OLED1_-248x300.jpg\" alt=\"\" width=\"248\" height=\"300\" \/> <img src=\"http:\/\/se4i.dhitech.it\/wp-content\/uploads\/2023\/01\/OLED2_-250x300.jpg\" alt=\"\" width=\"250\" height=\"300\" \/> <img src=\"http:\/\/se4i.dhitech.it\/wp-content\/uploads\/2023\/01\/OLED3_-248x300.jpg\" alt=\"\" width=\"248\" height=\"300\" \/><\/p> <h3><strong>Realizzazione prototipo T-OLED (Oled trasparente)<\/strong><\/h3> <p> <img src=\"http:\/\/se4i.dhitech.it\/wp-content\/uploads\/2023\/01\/T-OLED-289x300.png\" alt=\"\" width=\"289\" height=\"300\" \/><\/p>\n<h3><strong>Modello in scala del dimostratore e interfaccia gestione<\/strong><\/h3> <p>E' stato realizzato un modello in scala del dimostratore, progettando e curando la scelta dei componenti (sensori e attuatori), nonch\u00e9 la loro integrazione con i sistemi di controllo. Il sistema realizzato \u00e8 un modello in scala 1:10 di un ambiente tipo ufficio, delle dimensioni interne pari a 500x500x300cm. La struttura \u00e8 realizzata mediante un telaio in profilato estruso di alluminio, progettato in modo da facilitare le operazioni di smontaggio e rimontaggio per eventuali modifiche.<\/p> <p> <img src=\"http:\/\/se4i.dhitech.it\/wp-content\/uploads\/2023\/01\/dimostratore2-300x198.jpg\" alt=\"\" width=\"300\" height=\"198\" \/> <img src=\"http:\/\/se4i.dhitech.it\/wp-content\/uploads\/2023\/01\/dimostratore1-300x225.jpg\" alt=\"\" width=\"300\" height=\"225\" \/><\/p> <p><img src=\"http:\/\/se4i.dhitech.it\/wp-content\/uploads\/2023\/01\/dimostratore4-300x294.jpg\" alt=\"\" width=\"300\" height=\"294\" \/> <img src=\"http:\/\/se4i.dhitech.it\/wp-content\/uploads\/2023\/01\/dimostratore3-300x270.jpg\" alt=\"\" width=\"300\" height=\"270\" \/><\/p> <p>Definizione, mediante programmazione dell\u2019interfaccia grafica, interamente sviluppata in LabView, degli algoritmi di controllo degli attuatori e dei sistemi di climatizzazione presenti nel modello, finalizzati all\u2019ottimizzazione dei consumi energetici e del comfort interno.<\/p> <p><img src=\"http:\/\/se4i.dhitech.it\/wp-content\/uploads\/2023\/01\/interfaccia1-300x190.png\" alt=\"\" width=\"300\" height=\"190\" \/><\/p> <p><img src=\"http:\/\/se4i.dhitech.it\/wp-content\/uploads\/2023\/01\/interfaccia2-248x300.png\" alt=\"\" width=\"248\" height=\"300\" \/><\/p>\n<h3><strong>Pubblicazioni<\/strong><\/h3> <p><em><strong>A Machine Learning Approach to Predict Energy Consumptions in Office and Industrial Buildings as a Function of Weather Data<\/strong><\/em>. F. Martellotta, A. Cannavale, U. Ayr. TECNICA ITALIANA-Italian Journal of Engineering Science Vol. 63, No. 2-4, June, 2019, pp. 452-458. <a href=\"https:\/\/doi.org\/10.18280\/ti-ijes.632-449\">https:\/\/doi.org\/10.18280\/ti-ijes.632-449<\/a><\/p> <p><strong><em>Energy and daylighting performance of building integrated spirooxazine photochromic film<\/em>s<\/strong>. A. Cannavale, G. Zampini, F. Carlucci, M. Pugliese, F. Martellotta, U. Ayr, V. Maiorano, F. Ortica, F. Fiorito, L. Latterini. Solar Energy. October 2021. <a href=\"https:\/\/doi.org\/10.1016\/j.solener.2021.10.058\">https:\/\/doi.org\/10.1016\/j.solener.2021.10.058<\/a><\/p> <p>&nbsp;<\/p>","_links":{"self":[{"href":"https:\/\/se4i.dhitech.it\/index.php?rest_route=\/wp\/v2\/pages\/304"}],"collection":[{"href":"https:\/\/se4i.dhitech.it\/index.php?rest_route=\/wp\/v2\/pages"}],"about":[{"href":"https:\/\/se4i.dhitech.it\/index.php?rest_route=\/wp\/v2\/types\/page"}],"author":[{"embeddable":true,"href":"https:\/\/se4i.dhitech.it\/index.php?rest_route=\/wp\/v2\/users\/1"}],"replies":[{"embeddable":true,"href":"https:\/\/se4i.dhitech.it\/index.php?rest_route=%2Fwp%2Fv2%2Fcomments&post=304"}],"version-history":[{"count":51,"href":"https:\/\/se4i.dhitech.it\/index.php?rest_route=\/wp\/v2\/pages\/304\/revisions"}],"predecessor-version":[{"id":728,"href":"https:\/\/se4i.dhitech.it\/index.php?rest_route=\/wp\/v2\/pages\/304\/revisions\/728"}],"wp:attachment":[{"href":"https:\/\/se4i.dhitech.it\/index.php?rest_route=%2Fwp%2Fv2%2Fmedia&parent=304"}],"curies":[{"name":"wp","href":"https:\/\/api.w.org\/{rel}","templated":true}]}}