{"id":295,"date":"2019-02-14T11:26:04","date_gmt":"2019-02-14T11:26:04","guid":{"rendered":"http:\/\/se4i.dhitech.it\/?page_id=295"},"modified":"2019-03-08T16:10:46","modified_gmt":"2019-03-08T16:10:46","slug":"privacy","status":"publish","type":"page","link":"https:\/\/se4i.dhitech.it\/?page_id=295","title":{"rendered":"Privacy Policy"},"content":{"rendered":"<!-- wp:themify-builder\/canvas \/--><!--themify_builder_static--><p>In questa pagina si descrivono le modalit\u00e0 di gestione del sito internet se4i.dhitech.it\u00a0 in riferimento al trattamento dei dati personali degli utenti che lo consultano.\u00a0Si tratta di un\u2019informativa per il trattamento dei dati personali che \u00e8 resa anche ai sensi dell\u2019art. 13 del GDPR 679\/2016 (di seguito Regolamento Europeo Privacy) per gli utenti che usufruiscono dei servizi del nostro sito Internet. L\u2019informativa \u00e8 resa solo per il presente sito e non anche per altri siti\u00a0<em>web<\/em><em>\u00a0<\/em>eventualmente consultati dall&#8217;utente tramite\u00a0<em>link<\/em><em>.<\/em><\/p><p>TITOLARE DEL TRATTAMENTO<\/p><p>Il Titolare del trattamento dei dati personali \u00e8 Dhitech S.c.a.r.l. con sede in Via Monteroni n. 165 \u2013\u00a0 73100 Lecce, e-mail:\u00a0<a href=\"mailto:info@dhitech.it\">info@dhitech.it<\/a>; tel.: 08321975000<\/p><p>DATI DI NAVIGAZIONE<\/p><p>I sistemi informatici e le procedure software preposte al funzionamento di questo sito web acquisiscono, nel corso del loro normale esercizio alcuni dati personali la cui trasmissione \u00e8 implicita nell&#8217;uso dei protocolli di comunicazione di Internet. Si tratta di informazioni che non sono raccolte per essere associate a interessati identificati, ma che per loro stessa natura potrebbero, attraverso elaborazioni ed associazioni con dati detenuti da terzi, permettere di identificare gli utenti. In questa categoria di dati rientrano gli indirizzi IP o i nomi a dominio dei computer utilizzati dagli utenti che si connettono al sito, gli indirizzi in notazione URI (Uniform Resource Identifier) delle risorse richieste, l\u2019orario della richiesta, il metodo utilizzato nel sottoporre la richiesta al server, la dimensione del file ottenuto in risposta, il codice numerico indicante lo stato della risposta data dal server ed altri parametri relativi al sistema operativo e all&#8217;ambiente informatico dell\u2019utente. Questi dati vengono utilizzati al solo fine di ricavare informazioni statistiche anonime sull&#8217;uso del sito e per controllarne il corretto funzionamento e vengono cancellati immediatamente dopo l\u2019elaborazione. I dati potrebbero essere utilizzati per l\u2019accertamento di responsabilit\u00e0 in caso di ipotetici reati informatici ai danni del sito.<\/p><p>FINALIT\u00c0 DEL TRATTAMENTO<\/p><p>Le finalit\u00e0 del trattamento riguardano eventuali contatti dell\u2019utente. I dati richiesti sono utilizzati per rispondere alle istanze degli utenti ed eventualmente ricontattarli.<\/p><p>LUOGO DEL TRATTAMENTO<\/p><p>I trattamenti connessi ai servizi web di questo sito hanno luogo presso la medesima societ\u00e0.<\/p><p>MODALIT\u00c0 DI TRATTAMENTO DEI DATI<\/p><p>I dati personali raccolti, sono trattati con strumenti informatici automatizzati. Adeguate misure di sicurezza sono osservate per prevenire la perdita dei dati, usi illeciti o non corretti ed accessi non autorizzati.<\/p><p><strong>FACOLT\u00c0 DEL CONFERIMENTO DEI DATI<\/strong><\/p><p>A parte quanto specificato per i dati di navigazione, l\u2019utente \u00e8 libero di fornire i dati personali riportati\u00a0nei diversi campi (qualora richiesto). Il conferimento dei dati \u00e8 obbligatorio al fine di poterle fornire i servizi e le richieste. In ogni caso il loro mancato conferimento (qualora richiesto) pu\u00f2 comportare l\u2019impossibilit\u00e0 di ottenere quanto desiderato.<\/p><p>COMUNICAZIONE E DIFFUSIONE DEI DATI<\/p><p>I dati personali forniti dall&#8217;utente non saranno diffusi. I suoi dati non saranno trasferiti fuori EU. I dati personali potranno essere comunicati e trattati dai soggetti preposti della societ\u00e0, con apposito conferimento e da terzi in qualit\u00e0 di responsabili esterni al trattamento o autonomi titolari del trattamento che erogano servizi strumentali a soddisfare la richiesta dell\u2019utente. L\u2019elenco aggiornato \u00e8 disponibile presso la sede legale della societ\u00e0.<\/p><p>COOKIES<\/p><p>Per cookies si intende un elemento testuale che viene inserito nel disco fisso di un computer solo in seguito ad autorizzazione. I cookies hanno la funzione di ricordare lo stato dell\u2019utente e quindi facilitare la navigazione.<\/p><p>Questi possono essere abilitati direttamente sul browser che si sta utilizzando (internet explorer, google chrome, mozilla forefox, safari etc). Per far ci\u00f2 occorre accedere alla sezione strumenti del proprio browser, cliccare sulla sotto sezione privacy. L&#8217;abilitazione dei cookies permette all&#8217;utente di essere immediatamente riconosciuto sul nostro sito in ogni visita successiva alla prima, e quindi una pi\u00f9 agevole e scorrevole navigazione all&#8217;interno del sito, oltre alla possibilit\u00e0 di usufruire di un servizio dedicato.<\/p><p>DIRITTI DEGLI INTERESSATI<\/p><p>I soggetti cui si riferiscono i dati personali hanno il diritto in qualunque momento di revocare il proprio; di chiedere l\u2019accesso ai dati personali e la rettifica o la cancellazione degli stessi o la limitazione del trattamento dei dati personali che lo riguardano e di opporsi al loro trattamento, oltre al diritto alla portabilit\u00e0 dei dati e le richieste di diritto all&#8217;oblio; di proporre reclamo all&#8217;Autorit\u00e0 Garante per la protezione dei dati personali italiana. Le richieste vanno rivolte al Titolare del Trattamento dei dati sopra specificati, attraverso l\u2019invio di una mail al seguente indirizzo: info@dhitech.it.<\/p><p>CONDIZIONI APPLICABILI AL CONSENSO DEI MINORI IN RELAZIONE AI SERVIZI DELLA SOCIET\u00c0<\/p><p>DELL&#8217;INFORMAZIONE<\/p><p>Qualora lei sia un utente minore con et\u00e0 inferiore ai 16 anni, \u00e8 necessario, per le finalit\u00e0 di raccolta dei tuoi dati, che il consenso sia prestato o autorizzato dal titolare della responsabilit\u00e0 genitoriale.<\/p><p>PERIODO DI CONSERVAZIONE DEI DATI<\/p><p>I suoi dati saranno detenuti per un periodo massimo relativo all&#8217;espletamento della sua richiesta.<\/p><p>MODIFICHE ALL&#8217;INFORMATIVA<\/p><p>Il titolare si riserva il diritto di modificare la presente informativa privacy in qualsiasi momento ed a propria discrezione, l\u2019utente \u00e8 tenuto a verificare le eventuali modifiche.<\/p><!--\/themify_builder_static-->\r\n","protected":false},"excerpt":{"rendered":"<p>In questa pagina si descrivono le modalit\u00e0 di gestione del sito internet se4i.dhitech.it\u00a0 in riferimento al trattamento dei dati personali degli utenti che lo consultano.\u00a0Si tratta di un\u2019informativa per il trattamento dei dati personali che \u00e8 resa anche ai sensi dell\u2019art. 13 del GDPR 679\/2016 (di seguito Regolamento Europeo Privacy) per gli utenti che usufruiscono [&hellip;]<\/p>\n","protected":false},"author":1,"featured_media":0,"parent":0,"menu_order":0,"comment_status":"closed","ping_status":"closed","template":"","meta":{"footnotes":""},"class_list":["post-295","page","type-page","status-publish","hentry","has-post-title","has-post-date","has-post-category","has-post-tag","has-post-comment","has-post-author",""],"builder_content":"<p>In questa pagina si descrivono le modalit\u00e0 di gestione del sito internet se4i.dhitech.it\u00a0 in riferimento al trattamento dei dati personali degli utenti che lo consultano.\u00a0Si tratta di un\u2019informativa per il trattamento dei dati personali che \u00e8 resa anche ai sensi dell\u2019art. 13 del GDPR 679\/2016 (di seguito Regolamento Europeo Privacy) per gli utenti che usufruiscono dei servizi del nostro sito Internet. L\u2019informativa \u00e8 resa solo per il presente sito e non anche per altri siti\u00a0<em>web<\/em><em>\u00a0<\/em>eventualmente consultati dall\\'utente tramite\u00a0<em>link<\/em><em>.<\/em><\/p><p>TITOLARE DEL TRATTAMENTO<\/p><p>Il Titolare del trattamento dei dati personali \u00e8 Dhitech S.c.a.r.l. con sede in Via Monteroni n. 165 \u2013\u00a0 73100 Lecce, e-mail:\u00a0<a href=\\\"mailto:info@dhitech.it\\\">info@dhitech.it<\/a>; tel.: 08321975000<\/p><p>DATI DI NAVIGAZIONE<\/p><p>I sistemi informatici e le procedure software preposte al funzionamento di questo sito web acquisiscono, nel corso del loro normale esercizio alcuni dati personali la cui trasmissione \u00e8 implicita nell\\'uso dei protocolli di comunicazione di Internet. Si tratta di informazioni che non sono raccolte per essere associate a interessati identificati, ma che per loro stessa natura potrebbero, attraverso elaborazioni ed associazioni con dati detenuti da terzi, permettere di identificare gli utenti. In questa categoria di dati rientrano gli indirizzi IP o i nomi a dominio dei computer utilizzati dagli utenti che si connettono al sito, gli indirizzi in notazione URI (Uniform Resource Identifier) delle risorse richieste, l\u2019orario della richiesta, il metodo utilizzato nel sottoporre la richiesta al server, la dimensione del file ottenuto in risposta, il codice numerico indicante lo stato della risposta data dal server ed altri parametri relativi al sistema operativo e all\\'ambiente informatico dell\u2019utente. Questi dati vengono utilizzati al solo fine di ricavare informazioni statistiche anonime sull\\'uso del sito e per controllarne il corretto funzionamento e vengono cancellati immediatamente dopo l\u2019elaborazione. I dati potrebbero essere utilizzati per l\u2019accertamento di responsabilit\u00e0 in caso di ipotetici reati informatici ai danni del sito.<\/p><p>FINALIT\u00c0 DEL TRATTAMENTO<\/p><p>Le finalit\u00e0 del trattamento riguardano eventuali contatti dell\u2019utente. I dati richiesti sono utilizzati per rispondere alle istanze degli utenti ed eventualmente ricontattarli.<\/p><p>LUOGO DEL TRATTAMENTO<\/p><p>I trattamenti connessi ai servizi web di questo sito hanno luogo presso la medesima societ\u00e0.<\/p><p>MODALIT\u00c0 DI TRATTAMENTO DEI DATI<\/p><p>I dati personali raccolti, sono trattati con strumenti informatici automatizzati. Adeguate misure di sicurezza sono osservate per prevenire la perdita dei dati, usi illeciti o non corretti ed accessi non autorizzati.<\/p><p><strong>FACOLT\u00c0 DEL CONFERIMENTO DEI DATI<\/strong><\/p><p>A parte quanto specificato per i dati di navigazione, l\u2019utente \u00e8 libero di fornire i dati personali riportati\u00a0nei diversi campi (qualora richiesto). Il conferimento dei dati \u00e8 obbligatorio al fine di poterle fornire i servizi e le richieste. In ogni caso il loro mancato conferimento (qualora richiesto) pu\u00f2 comportare l\u2019impossibilit\u00e0 di ottenere quanto desiderato.<\/p><p>COMUNICAZIONE E DIFFUSIONE DEI DATI<\/p><p>I dati personali forniti dall\\'utente non saranno diffusi. I suoi dati non saranno trasferiti fuori EU. I dati personali potranno essere comunicati e trattati dai soggetti preposti della societ\u00e0, con apposito conferimento e da terzi in qualit\u00e0 di responsabili esterni al trattamento o autonomi titolari del trattamento che erogano servizi strumentali a soddisfare la richiesta dell\u2019utente. L\u2019elenco aggiornato \u00e8 disponibile presso la sede legale della societ\u00e0.<\/p><p>COOKIES<\/p><p>Per cookies si intende un elemento testuale che viene inserito nel disco fisso di un computer solo in seguito ad autorizzazione. I cookies hanno la funzione di ricordare lo stato dell\u2019utente e quindi facilitare la navigazione.<\/p><p>Questi possono essere abilitati direttamente sul browser che si sta utilizzando (internet explorer, google chrome, mozilla forefox, safari etc). Per far ci\u00f2 occorre accedere alla sezione strumenti del proprio browser, cliccare sulla sotto sezione privacy. L\\'abilitazione dei cookies permette all\\'utente di essere immediatamente riconosciuto sul nostro sito in ogni visita successiva alla prima, e quindi una pi\u00f9 agevole e scorrevole navigazione all\\'interno del sito, oltre alla possibilit\u00e0 di usufruire di un servizio dedicato.<\/p><p>DIRITTI DEGLI INTERESSATI<\/p><p>I soggetti cui si riferiscono i dati personali hanno il diritto in qualunque momento di revocare il proprio; di chiedere l\u2019accesso ai dati personali e la rettifica o la cancellazione degli stessi o la limitazione del trattamento dei dati personali che lo riguardano e di opporsi al loro trattamento, oltre al diritto alla portabilit\u00e0 dei dati e le richieste di diritto all\\'oblio; di proporre reclamo all\\'Autorit\u00e0 Garante per la protezione dei dati personali italiana. Le richieste vanno rivolte al Titolare del Trattamento dei dati sopra specificati, attraverso l\u2019invio di una mail al seguente indirizzo: info@dhitech.it.<\/p><p>CONDIZIONI APPLICABILI AL CONSENSO DEI MINORI IN RELAZIONE AI SERVIZI DELLA SOCIET\u00c0<\/p><p>DELL\\'INFORMAZIONE<\/p><p>Qualora lei sia un utente minore con et\u00e0 inferiore ai 16 anni, \u00e8 necessario, per le finalit\u00e0 di raccolta dei tuoi dati, che il consenso sia prestato o autorizzato dal titolare della responsabilit\u00e0 genitoriale.<\/p><p>PERIODO DI CONSERVAZIONE DEI DATI<\/p><p>I suoi dati saranno detenuti per un periodo massimo relativo all\\'espletamento della sua richiesta.<\/p><p>MODIFICHE ALL\\'INFORMATIVA<\/p><p>Il titolare si riserva il diritto di modificare la presente informativa privacy in qualsiasi momento ed a propria discrezione, l\u2019utente \u00e8 tenuto a verificare le eventuali modifiche.<\/p>","_links":{"self":[{"href":"https:\/\/se4i.dhitech.it\/index.php?rest_route=\/wp\/v2\/pages\/295"}],"collection":[{"href":"https:\/\/se4i.dhitech.it\/index.php?rest_route=\/wp\/v2\/pages"}],"about":[{"href":"https:\/\/se4i.dhitech.it\/index.php?rest_route=\/wp\/v2\/types\/page"}],"author":[{"embeddable":true,"href":"https:\/\/se4i.dhitech.it\/index.php?rest_route=\/wp\/v2\/users\/1"}],"replies":[{"embeddable":true,"href":"https:\/\/se4i.dhitech.it\/index.php?rest_route=%2Fwp%2Fv2%2Fcomments&post=295"}],"version-history":[{"count":10,"href":"https:\/\/se4i.dhitech.it\/index.php?rest_route=\/wp\/v2\/pages\/295\/revisions"}],"predecessor-version":[{"id":413,"href":"https:\/\/se4i.dhitech.it\/index.php?rest_route=\/wp\/v2\/pages\/295\/revisions\/413"}],"wp:attachment":[{"href":"https:\/\/se4i.dhitech.it\/index.php?rest_route=%2Fwp%2Fv2%2Fmedia&parent=295"}],"curies":[{"name":"wp","href":"https:\/\/api.w.org\/{rel}","templated":true}]}}