{"id":2,"date":"2019-01-21T12:31:51","date_gmt":"2019-01-21T12:31:51","guid":{"rendered":"http:\/\/se4i.dhitech.it\/?page_id=2"},"modified":"2024-10-08T15:06:23","modified_gmt":"2024-10-08T15:06:23","slug":"sample-page","status":"publish","type":"page","link":"https:\/\/se4i.dhitech.it\/?page_id=2","title":{"rendered":"Partners"},"content":{"rendered":"<!-- wp:themify-builder\/canvas \/-->","protected":false},"excerpt":{"rendered":"","protected":false},"author":1,"featured_media":0,"parent":0,"menu_order":0,"comment_status":"closed","ping_status":"open","template":"","meta":{"footnotes":""},"class_list":["post-2","page","type-page","status-publish","hentry","has-post-title","has-post-date","has-post-category","has-post-tag","has-post-comment","has-post-author",""],"builder_content":"<p>Il <strong>Progetto SE4I\u00a0<\/strong>\u00e8 realizzato in forma congiunta (Partenariato Pubblico-Privato) dai seguenti Soggetti Beneficiari:\u00a0una grande impresa (ENEL), una PMI (Soft Strategy), un Organismo di Ricerca (IIT), un Distretto Tecnologico pubblico-privato (DHITECH, che si avvale dei propri Soci Consorziati CNR-Nanotec e Politecnico di Bari in qualit\u00e0 di co-Attuatori) e un Organismo Universitario (Universit\u00e0 Parthenope). Ci\u00f2 al fine di rispondere puntualmente all\\'esigenza di contribuire allo sviluppo sociale ed economico del territorio delle regioni del Sud Italia promuovendo l\u2019innovazione e la competitivit\u00e0 delle imprese.<\/p>\n\n<a href=\"http:\/\/www.enel.com\" rel=\"noopener\" target=\"_blank\"> <img src=\"https:\/\/se4i.dhitech.it\/wp-content\/uploads\/2019\/11\/ENEL-217x100.png\" height=\"100\" title=\"ENEL ITALIA S.R.L.\" alt=\"ENEL ITALIA S.R.L.\" srcset=\"https:\/\/se4i.dhitech.it\/wp-content\/uploads\/2019\/11\/ENEL-217x100.png 217w, https:\/\/se4i.dhitech.it\/wp-content\/uploads\/2019\/11\/ENEL-300x138.png 300w, https:\/\/se4i.dhitech.it\/wp-content\/uploads\/2019\/11\/ENEL-130x60.png 130w, https:\/\/se4i.dhitech.it\/wp-content\/uploads\/2019\/11\/ENEL.png 699w\" sizes=\"(max-width: 217px) 100vw, 217px\" \/> <\/a> <h3> <a href=\"http:\/\/www.enel.com\" rel=\"noopener\" target=\"_blank\"> ENEL ITALIA S.R.L. <\/a> <\/h3>\n\n<a href=\"http:\/\/www.dhitech.it\/\" rel=\"noopener\" target=\"_blank\"> <img src=\"https:\/\/se4i.dhitech.it\/wp-content\/uploads\/2019\/02\/LOGO_Dhitech_Trasp-1024x303-202x60.png\" height=\"60\" title=\"DHITECH S.C.A R.L.\" alt=\"DHITECH S.C.A R.L.\" srcset=\"https:\/\/se4i.dhitech.it\/wp-content\/uploads\/2019\/02\/LOGO_Dhitech_Trasp-1024x303-202x60.png 202w, https:\/\/se4i.dhitech.it\/wp-content\/uploads\/2019\/02\/LOGO_Dhitech_Trasp-300x89.png 300w, https:\/\/se4i.dhitech.it\/wp-content\/uploads\/2019\/02\/LOGO_Dhitech_Trasp-768x227.png 768w, https:\/\/se4i.dhitech.it\/wp-content\/uploads\/2019\/02\/LOGO_Dhitech_Trasp-1024x303.png 1024w, https:\/\/se4i.dhitech.it\/wp-content\/uploads\/2019\/02\/LOGO_Dhitech_Trasp-1024x303-100x29.png 100w, https:\/\/se4i.dhitech.it\/wp-content\/uploads\/2019\/02\/LOGO_Dhitech_Trasp-1024x303-337x100.png 337w\" sizes=\"(max-width: 202px) 100vw, 202px\" \/> <\/a> <h3> <a href=\"http:\/\/www.dhitech.it\/\" rel=\"noopener\" target=\"_blank\"> DHITECH S.C.A R.L. <\/a> <\/h3>\n<a href=\"http:\/\/nanotec.cnr.it\/\" rel=\"noopener\" target=\"_blank\"> <img src=\"https:\/\/se4i.dhitech.it\/wp-content\/uploads\/2019\/09\/CNR-NANOTEC-Logo-388x50.png\" height=\"50\" title=\"CNR \u2013 Consiglio Nazionale delle Ricerche - Istituto Nanotec\" alt=\"CNR \u2013 Consiglio Nazionale delle Ricerche - Istituto Nanotec\" srcset=\"https:\/\/se4i.dhitech.it\/wp-content\/uploads\/2019\/09\/CNR-NANOTEC-Logo-388x50.png 388w, https:\/\/se4i.dhitech.it\/wp-content\/uploads\/2019\/09\/CNR-NANOTEC-Logo-300x39.png 300w, https:\/\/se4i.dhitech.it\/wp-content\/uploads\/2019\/09\/CNR-NANOTEC-Logo-768x99.png 768w, https:\/\/se4i.dhitech.it\/wp-content\/uploads\/2019\/09\/CNR-NANOTEC-Logo-466x60.png 466w, https:\/\/se4i.dhitech.it\/wp-content\/uploads\/2019\/09\/CNR-NANOTEC-Logo.png 933w\" sizes=\"(max-width: 388px) 100vw, 388px\" \/> <\/a> <h3> <a href=\"http:\/\/nanotec.cnr.it\/\" rel=\"noopener\" target=\"_blank\"> CNR \u2013 Consiglio Nazionale delle Ricerche - Istituto Nanotec <\/a> <\/h3>\n<a href=\"http:\/\/www.poliba.it\/\" rel=\"noopener\" target=\"_blank\"> <img src=\"https:\/\/se4i.dhitech.it\/wp-content\/uploads\/2019\/09\/logo_poliba_2016-012x_3-142x70.png\" height=\"70\" title=\"POLITECNICO di BARI\" alt=\"POLITECNICO di BARI\" srcset=\"https:\/\/se4i.dhitech.it\/wp-content\/uploads\/2019\/09\/logo_poliba_2016-012x_3-142x70.png 142w, https:\/\/se4i.dhitech.it\/wp-content\/uploads\/2019\/09\/logo_poliba_2016-012x_3-300x148.png 300w, https:\/\/se4i.dhitech.it\/wp-content\/uploads\/2019\/09\/logo_poliba_2016-012x_3-121x60.png 121w, https:\/\/se4i.dhitech.it\/wp-content\/uploads\/2019\/09\/logo_poliba_2016-012x_3.png 390w\" sizes=\"(max-width: 142px) 100vw, 142px\" \/> <\/a> <h3> <a href=\"http:\/\/www.poliba.it\/\" rel=\"noopener\" target=\"_blank\"> POLITECNICO di BARI <\/a> <\/h3>\n\n<a href=\"http:\/\/www.iit.it\" rel=\"noopener\" target=\"_blank\"> <img src=\"https:\/\/se4i.dhitech.it\/wp-content\/uploads\/2019\/10\/IIT-LE2-278x100.png\" height=\"100\" title=\"IIT - ISTITUTO ITALIANO DI TECNOLOGIA\" alt=\"IIT - ISTITUTO ITALIANO DI TECNOLOGIA\" srcset=\"https:\/\/se4i.dhitech.it\/wp-content\/uploads\/2019\/10\/IIT-LE2-278x100.png 278w, https:\/\/se4i.dhitech.it\/wp-content\/uploads\/2019\/10\/IIT-LE2-300x108.png 300w, https:\/\/se4i.dhitech.it\/wp-content\/uploads\/2019\/10\/IIT-LE2-768x276.png 768w, https:\/\/se4i.dhitech.it\/wp-content\/uploads\/2019\/10\/IIT-LE2-167x60.png 167w, https:\/\/se4i.dhitech.it\/wp-content\/uploads\/2019\/10\/IIT-LE2-222x80.png 222w, https:\/\/se4i.dhitech.it\/wp-content\/uploads\/2019\/10\/IIT-LE2-250x90.png 250w, https:\/\/se4i.dhitech.it\/wp-content\/uploads\/2019\/10\/IIT-LE2.png 1000w\" sizes=\"(max-width: 278px) 100vw, 278px\" \/> <\/a> <h3> <a href=\"http:\/\/www.iit.it\" rel=\"noopener\" target=\"_blank\"> IIT - ISTITUTO ITALIANO DI TECNOLOGIA <\/a> <\/h3>\n\n<a href=\"http:\/\/www.softstrategy.it\/\" rel=\"noopener\" target=\"_blank\"> <img src=\"https:\/\/se4i.dhitech.it\/wp-content\/uploads\/2019\/11\/Soft-Strategy_on-light@4x-1024x272-376x100.png\" height=\"100\" title=\"SOFT STRATEGY S.P.A.\" alt=\"SOFT STRATEGY S.P.A.\" srcset=\"https:\/\/se4i.dhitech.it\/wp-content\/uploads\/2019\/11\/Soft-Strategy_on-light@4x-1024x272-376x100.png 376w, https:\/\/se4i.dhitech.it\/wp-content\/uploads\/2019\/11\/Soft-Strategy_on-light@4x-300x80.png 300w, https:\/\/se4i.dhitech.it\/wp-content\/uploads\/2019\/11\/Soft-Strategy_on-light@4x-768x204.png 768w, https:\/\/se4i.dhitech.it\/wp-content\/uploads\/2019\/11\/Soft-Strategy_on-light@4x-1024x272.png 1024w, https:\/\/se4i.dhitech.it\/wp-content\/uploads\/2019\/11\/Soft-Strategy_on-light@4x-1024x272-225x60.png 225w\" sizes=\"(max-width: 376px) 100vw, 376px\" \/> <\/a> <h3> <a href=\"http:\/\/www.softstrategy.it\/\" rel=\"noopener\" target=\"_blank\"> SOFT STRATEGY S.P.A. <\/a> <\/h3>\n\n<a href=\"https:\/\/www.uniparthenope.it\/\" rel=\"noopener\" target=\"_blank\"> <img src=\"https:\/\/se4i.dhitech.it\/wp-content\/uploads\/2019\/09\/uniparthenope-logo-70x70.png\" height=\"70\" title=\"UNIVERSITA&#039; degli STUDI di NAPOLI &quot;PARTHENOPE&quot;\" alt=\"UNIVERSITA&#039; degli STUDI di NAPOLI &quot;PARTHENOPE&quot;\" srcset=\"https:\/\/se4i.dhitech.it\/wp-content\/uploads\/2019\/09\/uniparthenope-logo-70x70.png 70w, https:\/\/se4i.dhitech.it\/wp-content\/uploads\/2019\/09\/uniparthenope-logo-150x150.png 150w, https:\/\/se4i.dhitech.it\/wp-content\/uploads\/2019\/09\/uniparthenope-logo-300x300.png 300w, https:\/\/se4i.dhitech.it\/wp-content\/uploads\/2019\/09\/uniparthenope-logo-768x768.png 768w, https:\/\/se4i.dhitech.it\/wp-content\/uploads\/2019\/09\/uniparthenope-logo-60x60.png 60w, https:\/\/se4i.dhitech.it\/wp-content\/uploads\/2019\/09\/uniparthenope-logo.png 1000w\" sizes=\"(max-width: 70px) 100vw, 70px\" \/> <\/a> <h3> <a href=\"https:\/\/www.uniparthenope.it\/\" rel=\"noopener\" target=\"_blank\"> UNIVERSITA' degli STUDI di NAPOLI \"PARTHENOPE\" <\/a> <\/h3>","_links":{"self":[{"href":"https:\/\/se4i.dhitech.it\/index.php?rest_route=\/wp\/v2\/pages\/2"}],"collection":[{"href":"https:\/\/se4i.dhitech.it\/index.php?rest_route=\/wp\/v2\/pages"}],"about":[{"href":"https:\/\/se4i.dhitech.it\/index.php?rest_route=\/wp\/v2\/types\/page"}],"author":[{"embeddable":true,"href":"https:\/\/se4i.dhitech.it\/index.php?rest_route=\/wp\/v2\/users\/1"}],"replies":[{"embeddable":true,"href":"https:\/\/se4i.dhitech.it\/index.php?rest_route=%2Fwp%2Fv2%2Fcomments&post=2"}],"version-history":[{"count":186,"href":"https:\/\/se4i.dhitech.it\/index.php?rest_route=\/wp\/v2\/pages\/2\/revisions"}],"predecessor-version":[{"id":751,"href":"https:\/\/se4i.dhitech.it\/index.php?rest_route=\/wp\/v2\/pages\/2\/revisions\/751"}],"wp:attachment":[{"href":"https:\/\/se4i.dhitech.it\/index.php?rest_route=%2Fwp%2Fv2%2Fmedia&parent=2"}],"curies":[{"name":"wp","href":"https:\/\/api.w.org\/{rel}","templated":true}]}}